{"id":631,"date":"2022-08-31T14:44:07","date_gmt":"2022-08-31T14:44:07","guid":{"rendered":"https:\/\/www.mistressdariadia.com\/?page_id=631"},"modified":"2023-05-28T14:27:09","modified_gmt":"2023-05-28T14:27:09","slug":"mistress-profesional-barcelona","status":"publish","type":"page","link":"https:\/\/www.mistressdariadia.com\/es\/dominatrix-mistress-profesional-en-barcelona-femdom-hipnosis-en-barcelona-domina-profesional-barcelona\/mistress-profesional-barcelona\/","title":{"rendered":"Sessions in Barcelona"},"content":{"rendered":"<figure class=\"wp-block-image size-full is-style-rounded\"><img decoding=\"async\" width=\"943\" height=\"949\" data-src=\"https:\/\/www.mistressdariadia.com\/wp-content\/uploads\/2021\/11\/latex-bw.jpg\" alt=\"Hypno domme Mistress Daria in London and Barcelona\" class=\"wp-image-172 lazyload\" data-srcset=\"https:\/\/www.mistressdariadia.com\/wp-content\/uploads\/2021\/11\/latex-bw.jpg 943w, https:\/\/www.mistressdariadia.com\/wp-content\/uploads\/2021\/11\/latex-bw-298x300.jpg 298w, https:\/\/www.mistressdariadia.com\/wp-content\/uploads\/2021\/11\/latex-bw-150x150.jpg 150w, https:\/\/www.mistressdariadia.com\/wp-content\/uploads\/2021\/11\/latex-bw-768x773.jpg 768w, https:\/\/www.mistressdariadia.com\/wp-content\/uploads\/2021\/11\/latex-bw-920x926.jpg 920w, https:\/\/www.mistressdariadia.com\/wp-content\/uploads\/2021\/11\/latex-bw-230x231.jpg 230w, https:\/\/www.mistressdariadia.com\/wp-content\/uploads\/2021\/11\/latex-bw-350x352.jpg 350w, https:\/\/www.mistressdariadia.com\/wp-content\/uploads\/2021\/11\/latex-bw-480x483.jpg 480w\" data-sizes=\"(max-width: 943px) 100vw, 943px\" src=\"data:image\/svg+xml;base64,PHN2ZyB3aWR0aD0iMSIgaGVpZ2h0PSIxIiB4bWxucz0iaHR0cDovL3d3dy53My5vcmcvMjAwMC9zdmciPjwvc3ZnPg==\" style=\"--smush-placeholder-width: 943px; --smush-placeholder-aspect-ratio: 943\/949;\" \/><\/figure>\n\n\n\n<h1 class=\"wp-block-heading has-text-align-center has-white-color has-text-color has-medium-font-size\">Mistress profesional en Barcelona<\/h1>\n\n\n\n<p>I am most in My element exerting My sadistic streak, playing with your mind and\/or your body solely for My amusement. As a certified, practicing hypnotherapist, I&#8217;m drawn to exploring the odd workings of the mind.&nbsp;Not surprisingly, predicament play, role play, erotic hypnosis and other modes of mindfuckery are My passion and expertise, when it comes to intensifying your submission, your sensory experience and the overall energy during play.  <br><\/p>\n\n\n\n<p>Each session is unique, taking into consideration your interests and respecting your limits . However, if you usually expect your Mistress to work by a script created by yourself, outlining how you want Me to conduct a session, we probably won&#8217;t be a good match. It is vital to understand that during our session you will be here to please and amuse Me, and that you will come to Me in complete surrender. That said, I&#8217;m highly creative and greatly enjoy role play, from the classics &#8211; detainee &#8211; interrogation officer, captive- torturer , student- teacher &#8211; to the more unusual ones ( for example : the odd job interview, the tortured utility engeneer , and especially those where I can make a good use of my strap on). <br><\/p>\n\n\n\n<p>Authenticity and genuine connection are integral in My personal and professional life. My interests vary and change over time, but I won&#8217;t do something that I don&#8217;t truly enjoy, as that will spoil the darkly magical and delightfully torturous energy I want to create. When contacting Me, do not ask Me what  I&#8217;m into, rather tell Me more about your limits, interests and level of experience. This way , if our interests match, I will tailor the deliciously torturous experience that I will immerse you in. <\/p>\n\n\n\n<p>Do familiarise yourself with the content of My site before contacting Me. To find out more read My FAQ page <a href=\"https:\/\/www.mistressdariadia.com\/es\/erotic-hypnosis-london-etiquette\/\">here.<\/a><\/p>\n\n\n\n<p><\/p>\n\n\n\n<p><\/p>\n\n\n\n<p><\/p>\n\n\n\n<h4 class=\"wp-block-heading has-white-color has-text-color\">My limits are : ( activities you should never ask for)<\/h4>\n\n\n\n<p>Sexual services- penetration, oral, handjobs, blowjobs etc<\/p>\n\n\n\n<p>Hard sports<\/p>\n\n\n\n<p>Racial humiliation<\/p>\n\n\n\n<p>Wrestling <\/p>\n\n\n\n<p>Bottoming\/ Switching <\/p>\n\n\n\n<p>Nudity on my behalf <\/p>\n\n\n\n<p>Adult baby<\/p>\n\n\n\n<p>Any activity involving non-consenting parties <\/p>\n\n\n\n<div style=\"height:100px\" aria-hidden=\"true\" class=\"wp-block-spacer\"><\/div>\n\n\n\n<p><\/p>\n\n\n\n<p>All rights reserved. Mistress Daria Dia &#8211; Domina Profesional en Barcelona <\/p>\n\n\n\n<p><br><\/p>\n\n\n\n<p><\/p>\n\n\n\n<p class=\"has-text-color\" style=\"color:#201f1f;font-size:11px\">Para ingresar a este sitio debe ser mayor de 18 a\u00f1os. Este sitio web puede contener contenido de car\u00e1cter adulto. Si se ofende f\u00e1cilmente o es menor de 18 a\u00f1os, salga ahora. Las publicaciones, p\u00e1ginas e im\u00e1genes dentro de este sitio web de mistress profesional de Barcelona est\u00e1n destinadas solo a adultos. Este contenido e im\u00e1genes pueden incluir t\u00e9rminos BDSM como; Strap-on Domina professional en Barcelona, Femdom hipnosis y mistress profesional de role play en Londres y Barcelona . Adem\u00e1s de actividades de dominaci\u00f3n femenina con hipnosis dominatrix profesional Barcelona, como entrenamiento de castidad, entranimento de esclavos, faminizacion, entranimiento Sossy, fetichismo de pies, , adoraci\u00f3n de correas, dominaci\u00f3n mental y femdom hipnosis, trampling, fetiche de zapatos. Este contenido e im\u00e1genes tambi\u00e9n se relacionan con tipos de intercambio de poder, dronification, mistress profesional y humillation ( humiliatrix).\u00a0<\/p>\n\n\n\n<hr class=\"wp-block-separator has-alpha-channel-opacity\"\/>","protected":false},"excerpt":{"rendered":"<p>Mistress profesional en Barcelona I am most in My element exerting My sadistic streak, playing with your mind and\/or your body solely [&hellip;]<\/p>\n","protected":false},"author":5,"featured_media":0,"parent":624,"menu_order":11,"comment_status":"closed","ping_status":"closed","template":"","meta":{"_monsterinsights_skip_tracking":false,"_monsterinsights_sitenote_active":false,"_monsterinsights_sitenote_note":"","_monsterinsights_sitenote_category":0,"footnotes":""},"class_list":["post-631","page","type-page","status-publish","hentry"],"yoast_head":"<!-- This site is optimized with the Yoast SEO plugin v27.5 - https:\/\/yoast.com\/product\/yoast-seo-wordpress\/ -->\n<title>Sessions in Barcelona\/Mistress profesional Barcelona \/Femdom hipnosis -\/domina profesional Barcelona Mistress Daria Dia\/mistress profesional Barcelona<\/title>\n<meta name=\"description\" content=\"Professional hypnosis mistress in Barcelona. Surrender to a cerebral femdom experience of brainwashing and other modes of mindfuckery\" \/>\n<meta name=\"robots\" content=\"index, follow, max-snippet:-1, max-image-preview:large, max-video-preview:-1\" \/>\n<link rel=\"canonical\" href=\"https:\/\/www.mistressdariadia.com\/es\/dominatrix-mistress-profesional-en-barcelona-femdom-hipnosis-en-barcelona-domina-profesional-barcelona\/mistress-profesional-barcelona\/\" \/>\n<meta property=\"og:locale\" content=\"es_ES\" \/>\n<meta property=\"og:type\" content=\"article\" \/>\n<meta property=\"og:title\" content=\"Sessions in Barcelona\/Mistress profesional Barcelona \/Femdom hipnosis -\/domina profesional Barcelona Mistress Daria Dia\/mistress profesional Barcelona\" \/>\n<meta property=\"og:description\" content=\"Professional hypnosis mistress in Barcelona. Surrender to a cerebral femdom experience of brainwashing and other modes of mindfuckery\" \/>\n<meta property=\"og:url\" content=\"https:\/\/www.mistressdariadia.com\/es\/dominatrix-mistress-profesional-en-barcelona-femdom-hipnosis-en-barcelona-domina-profesional-barcelona\/mistress-profesional-barcelona\/\" \/>\n<meta property=\"og:site_name\" content=\"Mistress Daria Dia\" \/>\n<meta property=\"article:modified_time\" content=\"2023-05-28T14:27:09+00:00\" \/>\n<meta property=\"og:image\" content=\"https:\/\/www.mistressdariadia.com\/wp-content\/uploads\/2021\/11\/latex-bw.jpg\" \/>\n<meta name=\"twitter:card\" content=\"summary_large_image\" \/>\n<meta name=\"twitter:label1\" content=\"Tiempo de lectura\" \/>\n\t<meta name=\"twitter:data1\" content=\"3 minutos\" \/>\n<script type=\"application\/ld+json\" class=\"yoast-schema-graph\">{\"@context\":\"https:\\\/\\\/schema.org\",\"@graph\":[{\"@type\":\"WebPage\",\"@id\":\"https:\\\/\\\/www.mistressdariadia.com\\\/dominatrix-mistress-profesional-en-barcelona-femdom-hipnosis-en-barcelona-domina-profesional-barcelona\\\/mistress-profesional-barcelona\\\/\",\"url\":\"https:\\\/\\\/www.mistressdariadia.com\\\/dominatrix-mistress-profesional-en-barcelona-femdom-hipnosis-en-barcelona-domina-profesional-barcelona\\\/mistress-profesional-barcelona\\\/\",\"name\":\"Sessions in Barcelona\\\/Mistress profesional Barcelona \\\/Femdom hipnosis -\\\/domina profesional Barcelona Mistress Daria Dia\\\/mistress profesional Barcelona\",\"isPartOf\":{\"@id\":\"https:\\\/\\\/www.mistressdariadia.com\\\/#website\"},\"primaryImageOfPage\":{\"@id\":\"https:\\\/\\\/www.mistressdariadia.com\\\/dominatrix-mistress-profesional-en-barcelona-femdom-hipnosis-en-barcelona-domina-profesional-barcelona\\\/mistress-profesional-barcelona\\\/#primaryimage\"},\"image\":{\"@id\":\"https:\\\/\\\/www.mistressdariadia.com\\\/dominatrix-mistress-profesional-en-barcelona-femdom-hipnosis-en-barcelona-domina-profesional-barcelona\\\/mistress-profesional-barcelona\\\/#primaryimage\"},\"thumbnailUrl\":\"https:\\\/\\\/www.mistressdariadia.com\\\/wp-content\\\/uploads\\\/2021\\\/11\\\/latex-bw.jpg\",\"datePublished\":\"2022-08-31T14:44:07+00:00\",\"dateModified\":\"2023-05-28T14:27:09+00:00\",\"description\":\"Professional hypnosis mistress in Barcelona. Surrender to a cerebral femdom experience of brainwashing and other modes of mindfuckery\",\"breadcrumb\":{\"@id\":\"https:\\\/\\\/www.mistressdariadia.com\\\/dominatrix-mistress-profesional-en-barcelona-femdom-hipnosis-en-barcelona-domina-profesional-barcelona\\\/mistress-profesional-barcelona\\\/#breadcrumb\"},\"inLanguage\":\"es\",\"potentialAction\":[{\"@type\":\"ReadAction\",\"target\":[\"https:\\\/\\\/www.mistressdariadia.com\\\/dominatrix-mistress-profesional-en-barcelona-femdom-hipnosis-en-barcelona-domina-profesional-barcelona\\\/mistress-profesional-barcelona\\\/\"]}]},{\"@type\":\"ImageObject\",\"inLanguage\":\"es\",\"@id\":\"https:\\\/\\\/www.mistressdariadia.com\\\/dominatrix-mistress-profesional-en-barcelona-femdom-hipnosis-en-barcelona-domina-profesional-barcelona\\\/mistress-profesional-barcelona\\\/#primaryimage\",\"url\":\"https:\\\/\\\/www.mistressdariadia.com\\\/wp-content\\\/uploads\\\/2021\\\/11\\\/latex-bw.jpg\",\"contentUrl\":\"https:\\\/\\\/www.mistressdariadia.com\\\/wp-content\\\/uploads\\\/2021\\\/11\\\/latex-bw.jpg\"},{\"@type\":\"BreadcrumbList\",\"@id\":\"https:\\\/\\\/www.mistressdariadia.com\\\/dominatrix-mistress-profesional-en-barcelona-femdom-hipnosis-en-barcelona-domina-profesional-barcelona\\\/mistress-profesional-barcelona\\\/#breadcrumb\",\"itemListElement\":[{\"@type\":\"ListItem\",\"position\":1,\"name\":\"Home\",\"item\":\"https:\\\/\\\/www.mistressdariadia.com\\\/\"},{\"@type\":\"ListItem\",\"position\":2,\"name\":\"Dominatrix en Barcelona\",\"item\":\"https:\\\/\\\/www.mistressdariadia.com\\\/dominatrix-mistress-profesional-en-barcelona-femdom-hipnosis-en-barcelona-domina-profesional-barcelona\\\/\"},{\"@type\":\"ListItem\",\"position\":3,\"name\":\"Sessions in Barcelona\"}]},{\"@type\":\"WebSite\",\"@id\":\"https:\\\/\\\/www.mistressdariadia.com\\\/#website\",\"url\":\"https:\\\/\\\/www.mistressdariadia.com\\\/\",\"name\":\"Mistress Daria Dia\",\"description\":\"Elite London Dominatrix ~HypnoDomme~Mistress Daria Dia\",\"potentialAction\":[{\"@type\":\"SearchAction\",\"target\":{\"@type\":\"EntryPoint\",\"urlTemplate\":\"https:\\\/\\\/www.mistressdariadia.com\\\/?s={search_term_string}\"},\"query-input\":{\"@type\":\"PropertyValueSpecification\",\"valueRequired\":true,\"valueName\":\"search_term_string\"}}],\"inLanguage\":\"es\"}]}<\/script>\n<!-- \/ Yoast SEO plugin. -->","yoast_head_json":{"title":"Sessions in Barcelona\/Mistress profesional Barcelona \/Femdom hipnosis -\/domina profesional Barcelona Mistress Daria Dia\/mistress profesional Barcelona","description":"Professional hypnosis mistress in Barcelona. Surrender to a cerebral femdom experience of brainwashing and other modes of mindfuckery","robots":{"index":"index","follow":"follow","max-snippet":"max-snippet:-1","max-image-preview":"max-image-preview:large","max-video-preview":"max-video-preview:-1"},"canonical":"https:\/\/www.mistressdariadia.com\/es\/dominatrix-mistress-profesional-en-barcelona-femdom-hipnosis-en-barcelona-domina-profesional-barcelona\/mistress-profesional-barcelona\/","og_locale":"es_ES","og_type":"article","og_title":"Sessions in Barcelona\/Mistress profesional Barcelona \/Femdom hipnosis -\/domina profesional Barcelona Mistress Daria Dia\/mistress profesional Barcelona","og_description":"Professional hypnosis mistress in Barcelona. Surrender to a cerebral femdom experience of brainwashing and other modes of mindfuckery","og_url":"https:\/\/www.mistressdariadia.com\/es\/dominatrix-mistress-profesional-en-barcelona-femdom-hipnosis-en-barcelona-domina-profesional-barcelona\/mistress-profesional-barcelona\/","og_site_name":"Mistress Daria Dia","article_modified_time":"2023-05-28T14:27:09+00:00","og_image":[{"url":"https:\/\/www.mistressdariadia.com\/wp-content\/uploads\/2021\/11\/latex-bw.jpg","type":"","width":"","height":""}],"twitter_card":"summary_large_image","twitter_misc":{"Tiempo de lectura":"3 minutos"},"schema":{"@context":"https:\/\/schema.org","@graph":[{"@type":"WebPage","@id":"https:\/\/www.mistressdariadia.com\/dominatrix-mistress-profesional-en-barcelona-femdom-hipnosis-en-barcelona-domina-profesional-barcelona\/mistress-profesional-barcelona\/","url":"https:\/\/www.mistressdariadia.com\/dominatrix-mistress-profesional-en-barcelona-femdom-hipnosis-en-barcelona-domina-profesional-barcelona\/mistress-profesional-barcelona\/","name":"Sessions in Barcelona\/Mistress profesional Barcelona \/Femdom hipnosis -\/domina profesional Barcelona Mistress Daria Dia\/mistress profesional Barcelona","isPartOf":{"@id":"https:\/\/www.mistressdariadia.com\/#website"},"primaryImageOfPage":{"@id":"https:\/\/www.mistressdariadia.com\/dominatrix-mistress-profesional-en-barcelona-femdom-hipnosis-en-barcelona-domina-profesional-barcelona\/mistress-profesional-barcelona\/#primaryimage"},"image":{"@id":"https:\/\/www.mistressdariadia.com\/dominatrix-mistress-profesional-en-barcelona-femdom-hipnosis-en-barcelona-domina-profesional-barcelona\/mistress-profesional-barcelona\/#primaryimage"},"thumbnailUrl":"https:\/\/www.mistressdariadia.com\/wp-content\/uploads\/2021\/11\/latex-bw.jpg","datePublished":"2022-08-31T14:44:07+00:00","dateModified":"2023-05-28T14:27:09+00:00","description":"Professional hypnosis mistress in Barcelona. Surrender to a cerebral femdom experience of brainwashing and other modes of mindfuckery","breadcrumb":{"@id":"https:\/\/www.mistressdariadia.com\/dominatrix-mistress-profesional-en-barcelona-femdom-hipnosis-en-barcelona-domina-profesional-barcelona\/mistress-profesional-barcelona\/#breadcrumb"},"inLanguage":"es","potentialAction":[{"@type":"ReadAction","target":["https:\/\/www.mistressdariadia.com\/dominatrix-mistress-profesional-en-barcelona-femdom-hipnosis-en-barcelona-domina-profesional-barcelona\/mistress-profesional-barcelona\/"]}]},{"@type":"ImageObject","inLanguage":"es","@id":"https:\/\/www.mistressdariadia.com\/dominatrix-mistress-profesional-en-barcelona-femdom-hipnosis-en-barcelona-domina-profesional-barcelona\/mistress-profesional-barcelona\/#primaryimage","url":"https:\/\/www.mistressdariadia.com\/wp-content\/uploads\/2021\/11\/latex-bw.jpg","contentUrl":"https:\/\/www.mistressdariadia.com\/wp-content\/uploads\/2021\/11\/latex-bw.jpg"},{"@type":"BreadcrumbList","@id":"https:\/\/www.mistressdariadia.com\/dominatrix-mistress-profesional-en-barcelona-femdom-hipnosis-en-barcelona-domina-profesional-barcelona\/mistress-profesional-barcelona\/#breadcrumb","itemListElement":[{"@type":"ListItem","position":1,"name":"Home","item":"https:\/\/www.mistressdariadia.com\/"},{"@type":"ListItem","position":2,"name":"Dominatrix en Barcelona","item":"https:\/\/www.mistressdariadia.com\/dominatrix-mistress-profesional-en-barcelona-femdom-hipnosis-en-barcelona-domina-profesional-barcelona\/"},{"@type":"ListItem","position":3,"name":"Sessions in Barcelona"}]},{"@type":"WebSite","@id":"https:\/\/www.mistressdariadia.com\/#website","url":"https:\/\/www.mistressdariadia.com\/","name":"Mistress Daria Dia","description":"Elite London Dominatrix ~HypnoDomme~Mistress Daria Dia","potentialAction":[{"@type":"SearchAction","target":{"@type":"EntryPoint","urlTemplate":"https:\/\/www.mistressdariadia.com\/?s={search_term_string}"},"query-input":{"@type":"PropertyValueSpecification","valueRequired":true,"valueName":"search_term_string"}}],"inLanguage":"es"}]}},"_links":{"self":[{"href":"https:\/\/www.mistressdariadia.com\/es\/wp-json\/wp\/v2\/pages\/631","targetHints":{"allow":["GET"]}}],"collection":[{"href":"https:\/\/www.mistressdariadia.com\/es\/wp-json\/wp\/v2\/pages"}],"about":[{"href":"https:\/\/www.mistressdariadia.com\/es\/wp-json\/wp\/v2\/types\/page"}],"author":[{"embeddable":true,"href":"https:\/\/www.mistressdariadia.com\/es\/wp-json\/wp\/v2\/users\/5"}],"replies":[{"embeddable":true,"href":"https:\/\/www.mistressdariadia.com\/es\/wp-json\/wp\/v2\/comments?post=631"}],"version-history":[{"count":11,"href":"https:\/\/www.mistressdariadia.com\/es\/wp-json\/wp\/v2\/pages\/631\/revisions"}],"predecessor-version":[{"id":778,"href":"https:\/\/www.mistressdariadia.com\/es\/wp-json\/wp\/v2\/pages\/631\/revisions\/778"}],"up":[{"embeddable":true,"href":"https:\/\/www.mistressdariadia.com\/es\/wp-json\/wp\/v2\/pages\/624"}],"wp:attachment":[{"href":"https:\/\/www.mistressdariadia.com\/es\/wp-json\/wp\/v2\/media?parent=631"}],"curies":[{"name":"wp","href":"https:\/\/api.w.org\/{rel}","templated":true}]}}