{"id":624,"date":"2022-08-31T14:24:05","date_gmt":"2022-08-31T14:24:05","guid":{"rendered":"https:\/\/www.mistressdariadia.com\/?page_id=624"},"modified":"2023-05-28T15:27:36","modified_gmt":"2023-05-28T15:27:36","slug":"dominatrix-mistress-profesional-en-barcelona-femdom-hipnosis-en-barcelona-domina-profesional-barcelona","status":"publish","type":"page","link":"https:\/\/www.mistressdariadia.com\/es\/dominatrix-mistress-profesional-en-barcelona-femdom-hipnosis-en-barcelona-domina-profesional-barcelona\/","title":{"rendered":"En Shhh, no se lo digas a nadie\u2026 \n\nLa versi\u00f3n en espa\u00f1ol de Mi sitio web estar\u00e1 disponible pronto. Mientras tanto lee la versi\u00f3n original en ingl\u00e9s para saber m\u00e1s sobre m\u00ed."},"content":{"rendered":"<figure class=\"wp-block-image size-large is-style-rounded\"><img decoding=\"async\" width=\"1024\" height=\"870\" data-src=\"https:\/\/www.mistressdariadia.com\/wp-content\/uploads\/2021\/11\/daria-crop-with-crop-1024x870.jpg\" alt=\"London and Barcelona hypnodomme mistress Daria Dia , role play dominatrix and disciplinarian\" class=\"wp-image-119 lazyload\" data-srcset=\"https:\/\/www.mistressdariadia.com\/wp-content\/uploads\/2021\/11\/daria-crop-with-crop-1024x870.jpg 1024w, https:\/\/www.mistressdariadia.com\/wp-content\/uploads\/2021\/11\/daria-crop-with-crop-300x255.jpg 300w, https:\/\/www.mistressdariadia.com\/wp-content\/uploads\/2021\/11\/daria-crop-with-crop-768x653.jpg 768w, https:\/\/www.mistressdariadia.com\/wp-content\/uploads\/2021\/11\/daria-crop-with-crop-1536x1305.jpg 1536w, https:\/\/www.mistressdariadia.com\/wp-content\/uploads\/2021\/11\/daria-crop-with-crop-920x782.jpg 920w, https:\/\/www.mistressdariadia.com\/wp-content\/uploads\/2021\/11\/daria-crop-with-crop-230x195.jpg 230w, https:\/\/www.mistressdariadia.com\/wp-content\/uploads\/2021\/11\/daria-crop-with-crop-350x297.jpg 350w, https:\/\/www.mistressdariadia.com\/wp-content\/uploads\/2021\/11\/daria-crop-with-crop-480x408.jpg 480w, https:\/\/www.mistressdariadia.com\/wp-content\/uploads\/2021\/11\/daria-crop-with-crop.jpg 1932w\" data-sizes=\"(max-width: 1024px) 100vw, 1024px\" src=\"data:image\/svg+xml;base64,PHN2ZyB3aWR0aD0iMSIgaGVpZ2h0PSIxIiB4bWxucz0iaHR0cDovL3d3dy53My5vcmcvMjAwMC9zdmciPjwvc3ZnPg==\" style=\"--smush-placeholder-width: 1024px; --smush-placeholder-aspect-ratio: 1024\/870;\" \/><\/figure>\n\n\n\n<h1 class=\"wp-block-heading has-text-align-center has-text-color has-medium-font-size\" style=\"color:#f2f2f2\">Domina  Profesional en Barcelona<\/h1>\n\n\n\n<div style=\"height:75px\" aria-hidden=\"true\" class=\"wp-block-spacer\"><\/div>\n\n\n\n<p><\/p>\n\n\n\n<h4 class=\"wp-block-heading has-text-align-left has-white-color has-text-color has-small-font-size\"> Shhh, no se lo digas a nadie\u2026\n\nLa versi\u00f3n espa\u00f1ol de Mi sitio web estar\u00e1 disponible pronto. Mientras tanto, lee la versi\u00f3n en ingl\u00e9s para saber m\u00e1s sobre Mi.<\/h4>\n\n\n\n<p><\/p>\n\n\n\n<div style=\"height:33px\" aria-hidden=\"true\" class=\"wp-block-spacer\"><\/div>\n\n\n\n<p>I am most in My element exerting My sadistic streak, playing with your mind and\/or your body solely for My amusement. As a certified, practicing hypnotherapist, I\u2019m drawn to exploring the odd workings of the mind.&nbsp;Not surprisingly, predicament play, role play, erotic hypnosis and other modes of mindfuckery are My passion and expertise, when it comes to intensifying your submission, your sensory experience and the overall energy during play&#8230;<em><a href=\"https:\/\/www.mistressdariadia.com\/es\/sessions-hypnodomme\/\">Read more<\/a><\/em><\/p>\n\n\n\n<p class=\"has-black-color has-text-color\">&amp;<\/p>\n\n\n\n<p>Depending on My availability and My discretion we can session in person in London or Barcelona, in lovely, well equipped BDSM dungeons (or in 5 stars hotels, given I have meet you before). As a hypnosis Mistress profesional I occasionally I do remote sessions via Zoom or Skype, which are suitable for erotic hypnosis domination and myriad of other scenarios. To find out about online femdom sessions <a href=\"https:\/\/www.mistressdariadia.com\/es\/hypnosis-mistress\/\">read more here<\/a>.  I often visit Portugal, where it seems, I am the only hypnosis Mistress in Lisbon.  <br><\/p>\n\n\n\n<p>Do familiarise yourself with the content of My site before contacting Me. To find out more read My FAQ page <a href=\"https:\/\/www.mistressdariadia.com\/es\/erotic-hypnosis-london-etiquette\/\">here.<\/a><\/p>\n\n\n\n<p class=\"has-black-color has-text-color\">a. <\/p>\n\n\n\n<h4 class=\"wp-block-heading has-white-color has-text-color has-medium-font-size\">My limits are : ( activities I do not engage in)<\/h4>\n\n\n\n<p>Sexual services- penetration, oral, handjobs, blowjobs etc<\/p>\n\n\n\n<p>Hard sports<\/p>\n\n\n\n<p>Racial humiliation<\/p>\n\n\n\n<p>Wrestling&nbsp;<\/p>\n\n\n\n<p>Bottoming\/ Switching&nbsp;<\/p>\n\n\n\n<p>Nudity on my behalf&nbsp;<\/p>\n\n\n\n<p>Adult baby\/Age play<\/p>\n\n\n\n<p>Any activity involving non-consenting parties<\/p>\n\n\n\n<p><\/p>\n\n\n\n<p><\/p>\n\n\n\n<p><\/p>\n\n\n\n<p class=\"has-black-color has-text-color\">*<\/p>\n\n\n\n<p>All rights reserved. Mistress Daria Dia &#8211; Domina Profesional de Barcelona.<\/p>\n\n\n\n<p><\/p>\n\n\n\n<p class=\"has-black-color has-text-color\">&amp;<\/p>\n\n\n\n<p><\/p>\n\n\n\n<p><\/p>\n\n\n\n<p><\/p>\n\n\n\n<p><\/p>\n\n\n\n<p><\/p>\n\n\n\n<p><\/p>\n\n\n\n<p><\/p>\n\n\n\n<p class=\"has-text-color\" style=\"color:#181717;font-size:11px\">\u00a0 To enter this site you must be over the age of 18. This website may contain content of an adult nature. If you are easily offended or are under the age of 18, please exit now. The posts, pages and images within this mistress profesional in Barcelona website are intended for adults only. This content and images may include BDSM terms. Such as; Domina Profesional in Barcelona, femdom hypnosis and role play elite mistress in Barcelona, strict domina Mistress,  disciplinarian. As well as described femdom activities such as, chastity training, foot fetish, slave training, strap-on worship, hypnosis domination, feminization, sissificarion, shoe fetish. This content and images relate also to types of power exchange.<\/p>\n\n\n\n<p><\/p>\n\n\n\n<p class=\"has-text-color\" style=\"color:#1e1c1c;font-size:11px\">r Para ingresar a este sitio debe ser mayor de 18 a\u00f1os. Este sitio web puede contener contenido de car\u00e1cter adulto. Si se ofende f\u00e1cilmente o es menor de 18 a\u00f1os, salga ahora. Las publicaciones, p\u00e1ginas e im\u00e1genes dentro de este sitio web de mistress profesional de Barcelona est\u00e1n destinadas solo a adultos. Este contenido e im\u00e1genes pueden incluir t\u00e9rminos BDSM como; Strap-on Domina professional en Barcelona, Femdom hipnosis y mistress profesional de role play en Londres y Barcelona . Adem\u00e1s de actividades de dominaci\u00f3n femenina con hipnosis dominatrix profesional Barcelona, como entrenamiento de castidad, entranimento de esclavos, faminizacion, entranimiento Sossy, fetichismo de pies, , adoraci\u00f3n de correas, dominaci\u00f3n mental y femdom hipnosis, trampling, fetiche de zapatos. Este contenido e im\u00e1genes tambi\u00e9n se relacionan con tipos de intercambio de poder, dronification, mistress profesional y humillation ( humiliatrix).\u00a0<\/p>\n\n\n\n<p><\/p>","protected":false},"excerpt":{"rendered":"<p>Mistress profesional en Barcelona. Stern yet playful Jet-Set professional domina and hypnosis Mistress for torturously delightful encounters. I am most in My [&hellip;]<\/p>\n","protected":false},"author":5,"featured_media":0,"parent":0,"menu_order":11,"comment_status":"closed","ping_status":"closed","template":"","meta":{"_monsterinsights_skip_tracking":false,"_monsterinsights_sitenote_active":false,"_monsterinsights_sitenote_note":"","_monsterinsights_sitenote_category":0,"footnotes":""},"class_list":["post-624","page","type-page","status-publish","hentry"],"yoast_head":"<!-- This site is optimized with the Yoast SEO plugin v27.5 - https:\/\/yoast.com\/product\/yoast-seo-wordpress\/ -->\n<title>Dominatrix en Barcelona\/Mistress profesional - Mistress Daria Dia<\/title>\n<meta name=\"description\" content=\"Mistress profesional en Barcelona. Elite domina to submit to, for slave training, mental domination, hypnosis and other modes of mindfuckery.\" \/>\n<meta name=\"robots\" content=\"index, follow, max-snippet:-1, max-image-preview:large, max-video-preview:-1\" \/>\n<link rel=\"canonical\" href=\"https:\/\/www.mistressdariadia.com\/es\/dominatrix-mistress-profesional-en-barcelona-femdom-hipnosis-en-barcelona-domina-profesional-barcelona\/\" \/>\n<meta property=\"og:locale\" content=\"es_ES\" \/>\n<meta property=\"og:type\" content=\"article\" \/>\n<meta property=\"og:title\" content=\"Dominatrix en Barcelona\/Mistress profesional - Mistress Daria Dia\" \/>\n<meta property=\"og:description\" content=\"Mistress profesional en Barcelona. Elite domina to submit to, for slave training, mental domination, hypnosis and other modes of mindfuckery.\" \/>\n<meta property=\"og:url\" content=\"https:\/\/www.mistressdariadia.com\/es\/dominatrix-mistress-profesional-en-barcelona-femdom-hipnosis-en-barcelona-domina-profesional-barcelona\/\" \/>\n<meta property=\"og:site_name\" content=\"Mistress Daria Dia\" \/>\n<meta property=\"article:modified_time\" content=\"2023-05-28T15:27:36+00:00\" \/>\n<meta property=\"og:image\" content=\"https:\/\/www.mistressdariadia.com\/wp-content\/uploads\/2021\/11\/daria-crop-with-crop-1024x870.jpg\" \/>\n<meta name=\"twitter:card\" content=\"summary_large_image\" \/>\n<meta name=\"twitter:label1\" content=\"Tiempo de lectura\" \/>\n\t<meta name=\"twitter:data1\" content=\"3 minutos\" \/>\n<script type=\"application\/ld+json\" class=\"yoast-schema-graph\">{\"@context\":\"https:\\\/\\\/schema.org\",\"@graph\":[{\"@type\":\"WebPage\",\"@id\":\"https:\\\/\\\/www.mistressdariadia.com\\\/dominatrix-mistress-profesional-en-barcelona-femdom-hipnosis-en-barcelona-domina-profesional-barcelona\\\/\",\"url\":\"https:\\\/\\\/www.mistressdariadia.com\\\/dominatrix-mistress-profesional-en-barcelona-femdom-hipnosis-en-barcelona-domina-profesional-barcelona\\\/\",\"name\":\"Dominatrix en Barcelona\\\/Mistress profesional - Mistress Daria Dia\",\"isPartOf\":{\"@id\":\"https:\\\/\\\/www.mistressdariadia.com\\\/#website\"},\"primaryImageOfPage\":{\"@id\":\"https:\\\/\\\/www.mistressdariadia.com\\\/dominatrix-mistress-profesional-en-barcelona-femdom-hipnosis-en-barcelona-domina-profesional-barcelona\\\/#primaryimage\"},\"image\":{\"@id\":\"https:\\\/\\\/www.mistressdariadia.com\\\/dominatrix-mistress-profesional-en-barcelona-femdom-hipnosis-en-barcelona-domina-profesional-barcelona\\\/#primaryimage\"},\"thumbnailUrl\":\"https:\\\/\\\/www.mistressdariadia.com\\\/wp-content\\\/uploads\\\/2021\\\/11\\\/daria-crop-with-crop-1024x870.jpg\",\"datePublished\":\"2022-08-31T14:24:05+00:00\",\"dateModified\":\"2023-05-28T15:27:36+00:00\",\"description\":\"Mistress profesional en Barcelona. Elite domina to submit to, for slave training, mental domination, hypnosis and other modes of mindfuckery.\",\"breadcrumb\":{\"@id\":\"https:\\\/\\\/www.mistressdariadia.com\\\/dominatrix-mistress-profesional-en-barcelona-femdom-hipnosis-en-barcelona-domina-profesional-barcelona\\\/#breadcrumb\"},\"inLanguage\":\"es\",\"potentialAction\":[{\"@type\":\"ReadAction\",\"target\":[\"https:\\\/\\\/www.mistressdariadia.com\\\/dominatrix-mistress-profesional-en-barcelona-femdom-hipnosis-en-barcelona-domina-profesional-barcelona\\\/\"]}]},{\"@type\":\"ImageObject\",\"inLanguage\":\"es\",\"@id\":\"https:\\\/\\\/www.mistressdariadia.com\\\/dominatrix-mistress-profesional-en-barcelona-femdom-hipnosis-en-barcelona-domina-profesional-barcelona\\\/#primaryimage\",\"url\":\"https:\\\/\\\/www.mistressdariadia.com\\\/wp-content\\\/uploads\\\/2021\\\/11\\\/daria-crop-with-crop-1024x870.jpg\",\"contentUrl\":\"https:\\\/\\\/www.mistressdariadia.com\\\/wp-content\\\/uploads\\\/2021\\\/11\\\/daria-crop-with-crop-1024x870.jpg\"},{\"@type\":\"BreadcrumbList\",\"@id\":\"https:\\\/\\\/www.mistressdariadia.com\\\/dominatrix-mistress-profesional-en-barcelona-femdom-hipnosis-en-barcelona-domina-profesional-barcelona\\\/#breadcrumb\",\"itemListElement\":[{\"@type\":\"ListItem\",\"position\":1,\"name\":\"Home\",\"item\":\"https:\\\/\\\/www.mistressdariadia.com\\\/\"},{\"@type\":\"ListItem\",\"position\":2,\"name\":\"Dominatrix en Barcelona\"}]},{\"@type\":\"WebSite\",\"@id\":\"https:\\\/\\\/www.mistressdariadia.com\\\/#website\",\"url\":\"https:\\\/\\\/www.mistressdariadia.com\\\/\",\"name\":\"Mistress Daria Dia\",\"description\":\"Elite London Dominatrix ~HypnoDomme~Mistress Daria Dia\",\"potentialAction\":[{\"@type\":\"SearchAction\",\"target\":{\"@type\":\"EntryPoint\",\"urlTemplate\":\"https:\\\/\\\/www.mistressdariadia.com\\\/?s={search_term_string}\"},\"query-input\":{\"@type\":\"PropertyValueSpecification\",\"valueRequired\":true,\"valueName\":\"search_term_string\"}}],\"inLanguage\":\"es\"}]}<\/script>\n<!-- \/ Yoast SEO plugin. -->","yoast_head_json":{"title":"Dominatrix en Barcelona\/Mistress profesional - Mistress Daria Dia","description":"Mistress profesional en Barcelona. Elite domina to submit to, for slave training, mental domination, hypnosis and other modes of mindfuckery.","robots":{"index":"index","follow":"follow","max-snippet":"max-snippet:-1","max-image-preview":"max-image-preview:large","max-video-preview":"max-video-preview:-1"},"canonical":"https:\/\/www.mistressdariadia.com\/es\/dominatrix-mistress-profesional-en-barcelona-femdom-hipnosis-en-barcelona-domina-profesional-barcelona\/","og_locale":"es_ES","og_type":"article","og_title":"Dominatrix en Barcelona\/Mistress profesional - Mistress Daria Dia","og_description":"Mistress profesional en Barcelona. Elite domina to submit to, for slave training, mental domination, hypnosis and other modes of mindfuckery.","og_url":"https:\/\/www.mistressdariadia.com\/es\/dominatrix-mistress-profesional-en-barcelona-femdom-hipnosis-en-barcelona-domina-profesional-barcelona\/","og_site_name":"Mistress Daria Dia","article_modified_time":"2023-05-28T15:27:36+00:00","og_image":[{"url":"https:\/\/www.mistressdariadia.com\/wp-content\/uploads\/2021\/11\/daria-crop-with-crop-1024x870.jpg","type":"","width":"","height":""}],"twitter_card":"summary_large_image","twitter_misc":{"Tiempo de lectura":"3 minutos"},"schema":{"@context":"https:\/\/schema.org","@graph":[{"@type":"WebPage","@id":"https:\/\/www.mistressdariadia.com\/dominatrix-mistress-profesional-en-barcelona-femdom-hipnosis-en-barcelona-domina-profesional-barcelona\/","url":"https:\/\/www.mistressdariadia.com\/dominatrix-mistress-profesional-en-barcelona-femdom-hipnosis-en-barcelona-domina-profesional-barcelona\/","name":"Dominatrix en Barcelona\/Mistress profesional - Mistress Daria Dia","isPartOf":{"@id":"https:\/\/www.mistressdariadia.com\/#website"},"primaryImageOfPage":{"@id":"https:\/\/www.mistressdariadia.com\/dominatrix-mistress-profesional-en-barcelona-femdom-hipnosis-en-barcelona-domina-profesional-barcelona\/#primaryimage"},"image":{"@id":"https:\/\/www.mistressdariadia.com\/dominatrix-mistress-profesional-en-barcelona-femdom-hipnosis-en-barcelona-domina-profesional-barcelona\/#primaryimage"},"thumbnailUrl":"https:\/\/www.mistressdariadia.com\/wp-content\/uploads\/2021\/11\/daria-crop-with-crop-1024x870.jpg","datePublished":"2022-08-31T14:24:05+00:00","dateModified":"2023-05-28T15:27:36+00:00","description":"Mistress profesional en Barcelona. Elite domina to submit to, for slave training, mental domination, hypnosis and other modes of mindfuckery.","breadcrumb":{"@id":"https:\/\/www.mistressdariadia.com\/dominatrix-mistress-profesional-en-barcelona-femdom-hipnosis-en-barcelona-domina-profesional-barcelona\/#breadcrumb"},"inLanguage":"es","potentialAction":[{"@type":"ReadAction","target":["https:\/\/www.mistressdariadia.com\/dominatrix-mistress-profesional-en-barcelona-femdom-hipnosis-en-barcelona-domina-profesional-barcelona\/"]}]},{"@type":"ImageObject","inLanguage":"es","@id":"https:\/\/www.mistressdariadia.com\/dominatrix-mistress-profesional-en-barcelona-femdom-hipnosis-en-barcelona-domina-profesional-barcelona\/#primaryimage","url":"https:\/\/www.mistressdariadia.com\/wp-content\/uploads\/2021\/11\/daria-crop-with-crop-1024x870.jpg","contentUrl":"https:\/\/www.mistressdariadia.com\/wp-content\/uploads\/2021\/11\/daria-crop-with-crop-1024x870.jpg"},{"@type":"BreadcrumbList","@id":"https:\/\/www.mistressdariadia.com\/dominatrix-mistress-profesional-en-barcelona-femdom-hipnosis-en-barcelona-domina-profesional-barcelona\/#breadcrumb","itemListElement":[{"@type":"ListItem","position":1,"name":"Home","item":"https:\/\/www.mistressdariadia.com\/"},{"@type":"ListItem","position":2,"name":"Dominatrix en Barcelona"}]},{"@type":"WebSite","@id":"https:\/\/www.mistressdariadia.com\/#website","url":"https:\/\/www.mistressdariadia.com\/","name":"Mistress Daria Dia","description":"Elite London Dominatrix ~HypnoDomme~Mistress Daria Dia","potentialAction":[{"@type":"SearchAction","target":{"@type":"EntryPoint","urlTemplate":"https:\/\/www.mistressdariadia.com\/?s={search_term_string}"},"query-input":{"@type":"PropertyValueSpecification","valueRequired":true,"valueName":"search_term_string"}}],"inLanguage":"es"}]}},"_links":{"self":[{"href":"https:\/\/www.mistressdariadia.com\/es\/wp-json\/wp\/v2\/pages\/624","targetHints":{"allow":["GET"]}}],"collection":[{"href":"https:\/\/www.mistressdariadia.com\/es\/wp-json\/wp\/v2\/pages"}],"about":[{"href":"https:\/\/www.mistressdariadia.com\/es\/wp-json\/wp\/v2\/types\/page"}],"author":[{"embeddable":true,"href":"https:\/\/www.mistressdariadia.com\/es\/wp-json\/wp\/v2\/users\/5"}],"replies":[{"embeddable":true,"href":"https:\/\/www.mistressdariadia.com\/es\/wp-json\/wp\/v2\/comments?post=624"}],"version-history":[{"count":23,"href":"https:\/\/www.mistressdariadia.com\/es\/wp-json\/wp\/v2\/pages\/624\/revisions"}],"predecessor-version":[{"id":798,"href":"https:\/\/www.mistressdariadia.com\/es\/wp-json\/wp\/v2\/pages\/624\/revisions\/798"}],"wp:attachment":[{"href":"https:\/\/www.mistressdariadia.com\/es\/wp-json\/wp\/v2\/media?parent=624"}],"curies":[{"name":"wp","href":"https:\/\/api.w.org\/{rel}","templated":true}]}}